{"id":1041,"date":"2022-03-24T17:52:30","date_gmt":"2022-03-24T17:52:30","guid":{"rendered":"https:\/\/smartcitiesandlaw.pt\/cancel_payment\/"},"modified":"2022-03-26T16:47:33","modified_gmt":"2022-03-26T16:47:33","slug":"cancelar-assinatura","status":"publish","type":"page","link":"https:\/\/smartcitiesandlaw.pt\/en\/cancelar-assinatura\/","title":{"rendered":"Cancelar Assinatura"},"content":{"rendered":"<p>A sua solicita\u00e7\u00e3o n\u00e3o foi conclu\u00edda.<br \/>\nDesculpe, ocorreu algum erro com a sua assinatura.<\/p>","protected":false},"excerpt":{"rendered":"<p>A sua solicita\u00e7\u00e3o n\u00e3o foi conclu\u00edda. Desculpe, ocorreu algum erro com a sua assinatura.<\/p>","protected":false},"author":1,"featured_media":0,"parent":0,"menu_order":0,"comment_status":"closed","ping_status":"closed","template":"elementor_theme","meta":{"footnotes":""},"class_list":["post-1041","page","type-page","status-publish","hentry"],"yoast_head":"<!-- This site is optimized with the Yoast SEO plugin v26.7 - https:\/\/yoast.com\/wordpress\/plugins\/seo\/ -->\n<title>Cancelar Assinatura - Smart Cities and Law<\/title>\n<meta name=\"robots\" content=\"index, follow, max-snippet:-1, max-image-preview:large, max-video-preview:-1\" \/>\n<link rel=\"canonical\" href=\"https:\/\/smartcitiesandlaw.pt\/en\/cancelar-assinatura\/\" \/>\n<meta property=\"og:locale\" content=\"en_GB\" \/>\n<meta property=\"og:type\" content=\"article\" \/>\n<meta property=\"og:title\" content=\"Cancelar Assinatura - Smart Cities and Law\" \/>\n<meta property=\"og:description\" content=\"A sua solicita\u00e7\u00e3o n\u00e3o foi conclu\u00edda. Desculpe, ocorreu algum erro com a sua assinatura.\" \/>\n<meta property=\"og:url\" content=\"https:\/\/smartcitiesandlaw.pt\/en\/cancelar-assinatura\/\" \/>\n<meta property=\"og:site_name\" content=\"Smart Cities and Law\" \/>\n<meta property=\"article:modified_time\" content=\"2022-03-26T16:47:33+00:00\" \/>\n<meta name=\"twitter:card\" content=\"summary_large_image\" \/>\n<meta name=\"twitter:label1\" content=\"Estimated reading time\" \/>\n\t<meta name=\"twitter:data1\" content=\"1 minute\" \/>\n<script type=\"application\/ld+json\" class=\"yoast-schema-graph\">{\"@context\":\"https:\/\/schema.org\",\"@graph\":[{\"@type\":\"WebPage\",\"@id\":\"https:\/\/smartcitiesandlaw.pt\/cancelar-assinatura\/\",\"url\":\"https:\/\/smartcitiesandlaw.pt\/cancelar-assinatura\/\",\"name\":\"Cancelar Assinatura - Smart Cities and Law\",\"isPartOf\":{\"@id\":\"https:\/\/smartcitiesandlaw.pt\/#website\"},\"datePublished\":\"2022-03-24T17:52:30+00:00\",\"dateModified\":\"2022-03-26T16:47:33+00:00\",\"breadcrumb\":{\"@id\":\"https:\/\/smartcitiesandlaw.pt\/cancelar-assinatura\/#breadcrumb\"},\"inLanguage\":\"en-GB\",\"potentialAction\":[{\"@type\":\"ReadAction\",\"target\":[\"https:\/\/smartcitiesandlaw.pt\/cancelar-assinatura\/\"]}]},{\"@type\":\"BreadcrumbList\",\"@id\":\"https:\/\/smartcitiesandlaw.pt\/cancelar-assinatura\/#breadcrumb\",\"itemListElement\":[{\"@type\":\"ListItem\",\"position\":1,\"name\":\"In\u00edcio\",\"item\":\"https:\/\/smartcitiesandlaw.pt\/\"},{\"@type\":\"ListItem\",\"position\":2,\"name\":\"Cancelar Assinatura\"}]},{\"@type\":\"WebSite\",\"@id\":\"https:\/\/smartcitiesandlaw.pt\/#website\",\"url\":\"https:\/\/smartcitiesandlaw.pt\/\",\"name\":\"Smart Cities and Law\",\"description\":\"E. Government and Rights\",\"publisher\":{\"@id\":\"https:\/\/smartcitiesandlaw.pt\/#organization\"},\"potentialAction\":[{\"@type\":\"SearchAction\",\"target\":{\"@type\":\"EntryPoint\",\"urlTemplate\":\"https:\/\/smartcitiesandlaw.pt\/?s={search_term_string}\"},\"query-input\":{\"@type\":\"PropertyValueSpecification\",\"valueRequired\":true,\"valueName\":\"search_term_string\"}}],\"inLanguage\":\"en-GB\"},{\"@type\":\"Organization\",\"@id\":\"https:\/\/smartcitiesandlaw.pt\/#organization\",\"name\":\"Smart Cities and Law\",\"url\":\"https:\/\/smartcitiesandlaw.pt\/\",\"logo\":{\"@type\":\"ImageObject\",\"inLanguage\":\"en-GB\",\"@id\":\"https:\/\/smartcitiesandlaw.pt\/#\/schema\/logo\/image\/\",\"url\":\"https:\/\/i0.wp.com\/smartcitiesandlaw.pt\/wp-content\/uploads\/2021\/09\/Logo-Hz.png?fit=2469%2C1001&ssl=1\",\"contentUrl\":\"https:\/\/i0.wp.com\/smartcitiesandlaw.pt\/wp-content\/uploads\/2021\/09\/Logo-Hz.png?fit=2469%2C1001&ssl=1\",\"width\":2469,\"height\":1001,\"caption\":\"Smart Cities and Law\"},\"image\":{\"@id\":\"https:\/\/smartcitiesandlaw.pt\/#\/schema\/logo\/image\/\"}}]}<\/script>\n<!-- \/ Yoast SEO plugin. -->","yoast_head_json":{"title":"Cancelar Assinatura - Smart Cities and Law","robots":{"index":"index","follow":"follow","max-snippet":"max-snippet:-1","max-image-preview":"max-image-preview:large","max-video-preview":"max-video-preview:-1"},"canonical":"https:\/\/smartcitiesandlaw.pt\/en\/cancelar-assinatura\/","og_locale":"en_GB","og_type":"article","og_title":"Cancelar Assinatura - Smart Cities and Law","og_description":"A sua solicita\u00e7\u00e3o n\u00e3o foi conclu\u00edda. Desculpe, ocorreu algum erro com a sua assinatura.","og_url":"https:\/\/smartcitiesandlaw.pt\/en\/cancelar-assinatura\/","og_site_name":"Smart Cities and Law","article_modified_time":"2022-03-26T16:47:33+00:00","twitter_card":"summary_large_image","twitter_misc":{"Estimated reading time":"1 minute"},"schema":{"@context":"https:\/\/schema.org","@graph":[{"@type":"WebPage","@id":"https:\/\/smartcitiesandlaw.pt\/cancelar-assinatura\/","url":"https:\/\/smartcitiesandlaw.pt\/cancelar-assinatura\/","name":"Cancelar Assinatura - Smart Cities and Law","isPartOf":{"@id":"https:\/\/smartcitiesandlaw.pt\/#website"},"datePublished":"2022-03-24T17:52:30+00:00","dateModified":"2022-03-26T16:47:33+00:00","breadcrumb":{"@id":"https:\/\/smartcitiesandlaw.pt\/cancelar-assinatura\/#breadcrumb"},"inLanguage":"en-GB","potentialAction":[{"@type":"ReadAction","target":["https:\/\/smartcitiesandlaw.pt\/cancelar-assinatura\/"]}]},{"@type":"BreadcrumbList","@id":"https:\/\/smartcitiesandlaw.pt\/cancelar-assinatura\/#breadcrumb","itemListElement":[{"@type":"ListItem","position":1,"name":"In\u00edcio","item":"https:\/\/smartcitiesandlaw.pt\/"},{"@type":"ListItem","position":2,"name":"Cancelar Assinatura"}]},{"@type":"WebSite","@id":"https:\/\/smartcitiesandlaw.pt\/#website","url":"https:\/\/smartcitiesandlaw.pt\/","name":"Smart Cities and Law","description":"E. Government and Rights","publisher":{"@id":"https:\/\/smartcitiesandlaw.pt\/#organization"},"potentialAction":[{"@type":"SearchAction","target":{"@type":"EntryPoint","urlTemplate":"https:\/\/smartcitiesandlaw.pt\/?s={search_term_string}"},"query-input":{"@type":"PropertyValueSpecification","valueRequired":true,"valueName":"search_term_string"}}],"inLanguage":"en-GB"},{"@type":"Organization","@id":"https:\/\/smartcitiesandlaw.pt\/#organization","name":"Smart Cities and Law","url":"https:\/\/smartcitiesandlaw.pt\/","logo":{"@type":"ImageObject","inLanguage":"en-GB","@id":"https:\/\/smartcitiesandlaw.pt\/#\/schema\/logo\/image\/","url":"https:\/\/i0.wp.com\/smartcitiesandlaw.pt\/wp-content\/uploads\/2021\/09\/Logo-Hz.png?fit=2469%2C1001&ssl=1","contentUrl":"https:\/\/i0.wp.com\/smartcitiesandlaw.pt\/wp-content\/uploads\/2021\/09\/Logo-Hz.png?fit=2469%2C1001&ssl=1","width":2469,"height":1001,"caption":"Smart Cities and Law"},"image":{"@id":"https:\/\/smartcitiesandlaw.pt\/#\/schema\/logo\/image\/"}}]}},"jetpack_sharing_enabled":true,"_links":{"self":[{"href":"https:\/\/smartcitiesandlaw.pt\/en\/wp-json\/wp\/v2\/pages\/1041","targetHints":{"allow":["GET"]}}],"collection":[{"href":"https:\/\/smartcitiesandlaw.pt\/en\/wp-json\/wp\/v2\/pages"}],"about":[{"href":"https:\/\/smartcitiesandlaw.pt\/en\/wp-json\/wp\/v2\/types\/page"}],"author":[{"embeddable":true,"href":"https:\/\/smartcitiesandlaw.pt\/en\/wp-json\/wp\/v2\/users\/1"}],"replies":[{"embeddable":true,"href":"https:\/\/smartcitiesandlaw.pt\/en\/wp-json\/wp\/v2\/comments?post=1041"}],"version-history":[{"count":4,"href":"https:\/\/smartcitiesandlaw.pt\/en\/wp-json\/wp\/v2\/pages\/1041\/revisions"}],"predecessor-version":[{"id":1091,"href":"https:\/\/smartcitiesandlaw.pt\/en\/wp-json\/wp\/v2\/pages\/1041\/revisions\/1091"}],"wp:attachment":[{"href":"https:\/\/smartcitiesandlaw.pt\/en\/wp-json\/wp\/v2\/media?parent=1041"}],"curies":[{"name":"wp","href":"https:\/\/api.w.org\/{rel}","templated":true}]}}